{"id":1865,"date":"2021-05-30T14:08:16","date_gmt":"2021-05-30T13:08:16","guid":{"rendered":"https:\/\/mypet.wordifysites.com\/?page_id=2"},"modified":"2024-02-28T22:28:44","modified_gmt":"2024-02-28T21:28:44","slug":"home","status":"publish","type":"page","link":"https:\/\/kennel-alppililja.com\/","title":{"rendered":"Home"},"content":{"rendered":"<section class=\"gb-container gb-container-8c5e20df\">\n<div class=\"gb-container gb-container-9b26a48a\">\n<div class=\"gb-container gb-container-fabfe820\">\n\n<h1 class=\"gb-headline gb-headline-e1aaa617 gb-headline-text\">Kennel Alppililja<\/h1>\n\n\n\n<h2 class=\"gb-headline gb-headline-67dbaf06 gb-headline-text\">Tervetuloa tutustumaan intohimolla kasvatettuihin koiriimme!<\/h2>\n\n\n\n<h3 class=\"gb-headline gb-headline-5ef352e9 gb-headline-text\"><strong>Tavoitteenamme on jalostaa terveit\u00e4, kauniita ja tasapainoisia koiria.<\/strong><\/h3>\n\n\n\n<p>Kasvatusty\u00f6mme perustuu huolelliseen ja valikoivaan jalostukseen. Valitsemamme jalostusyksil\u00f6t t\u00e4ytt\u00e4v\u00e4t kaikki PEVISA terveys- ja rotum\u00e4\u00e4ritelm\u00e4t.<br>T\u00e4m\u00e4 auttaa minimoimaan perinn\u00f6llisten sairauksien riskin ja takaa vankan perustan terveelle sukulinjallemme.<\/p>\n\n\n\n<a class=\"gb-button gb-button-237c3c65 gb-button-text\" href=\"https:\/\/kennel-alppililja.com\/index.php\/pennut\/\">Tutustu pentueisiimme<\/a>\n\n<\/div>\n\n<div class=\"gb-container gb-container-dec0d759\">\n\n<figure class=\"wp-block-image size-full\"><img loading=\"lazy\" decoding=\"async\" width=\"2048\" height=\"1827\" src=\"https:\/\/kennel-alppililja.com\/wp-content\/uploads\/2024\/02\/IMG_6657.jpg\" alt=\"\" class=\"wp-image-2188\" style=\"object-fit:cover\" srcset=\"https:\/\/kennel-alppililja.com\/wp-content\/uploads\/2024\/02\/IMG_6657.jpg 2048w, https:\/\/kennel-alppililja.com\/wp-content\/uploads\/2024\/02\/IMG_6657-300x268.jpg 300w, https:\/\/kennel-alppililja.com\/wp-content\/uploads\/2024\/02\/IMG_6657-1024x914.jpg 1024w, https:\/\/kennel-alppililja.com\/wp-content\/uploads\/2024\/02\/IMG_6657-768x685.jpg 768w, https:\/\/kennel-alppililja.com\/wp-content\/uploads\/2024\/02\/IMG_6657-1536x1370.jpg 1536w, https:\/\/kennel-alppililja.com\/wp-content\/uploads\/2024\/02\/IMG_6657-600x535.jpg 600w\" sizes=\"auto, (max-width: 2048px) 100vw, 2048px\" \/><\/figure>\n\n<\/div>\n<\/div>\n<div class=\"gb-shapes\"><div class=\"gb-shape gb-shape-1\"><svg xmlns=\"http:\/\/www.w3.org\/2000\/svg\" viewBox=\"0 0 1200 217.3\" preserveAspectRatio=\"none\"><path d=\"M1200 195.6l-25-22.2c-25-21.9-75-66.9-125-75.5-50-8.9-100 17.8-150 26.7-50 8.6-100 .2-150-13.3-50-13.1-100-31.4-150-26.7-50 4.4-100 31.1-150 26.7-50-4.8-100-39.8-150-66.7C250 18.1 200-.2 150 0 100-.2 50 18.1 25 26.7L0 35.6v181.7h1200v-21.7z\"\/><\/svg><\/div><\/div><\/section>\n\n<section class=\"gb-container gb-container-0ff8f531\">\n\n<h2 class=\"gb-headline gb-headline-ea7bcfcb\"><span class=\"gb-icon\"><svg viewBox=\"0 0 1024 1024\" class=\"icon\" xmlns=\"http:\/\/www.w3.org\/2000\/svg\"><path d=\"M904 476H120c-4.4 0-8 3.6-8 8v56c0 4.4 3.6 8 8 8h784c4.4 0 8-3.6 8-8v-56c0-4.4-3.6-8-8-8z\"><\/path><\/svg><\/span><span class=\"gb-headline-text\">Meist\u00e4<\/span><\/h2>\n\n\n<div class=\"gb-container gb-container-f3ab60a5\">\n<div class=\"gb-container gb-container-42afc9e7\">\n\n<figure class=\"wp-block-image size-large\"><img loading=\"lazy\" decoding=\"async\" width=\"820\" height=\"1024\" src=\"http:\/\/kennel-alppililja.com\/wp-content\/uploads\/2024\/02\/864386E3-0688-4B25-B1A4-D39D607D6394-820x1024.jpg\" alt=\"\" class=\"wp-image-2191\" style=\"object-fit:cover\" srcset=\"https:\/\/kennel-alppililja.com\/wp-content\/uploads\/2024\/02\/864386E3-0688-4B25-B1A4-D39D607D6394-820x1024.jpg 820w, https:\/\/kennel-alppililja.com\/wp-content\/uploads\/2024\/02\/864386E3-0688-4B25-B1A4-D39D607D6394-240x300.jpg 240w, https:\/\/kennel-alppililja.com\/wp-content\/uploads\/2024\/02\/864386E3-0688-4B25-B1A4-D39D607D6394-768x959.jpg 768w, https:\/\/kennel-alppililja.com\/wp-content\/uploads\/2024\/02\/864386E3-0688-4B25-B1A4-D39D607D6394-1229x1536.jpg 1229w, https:\/\/kennel-alppililja.com\/wp-content\/uploads\/2024\/02\/864386E3-0688-4B25-B1A4-D39D607D6394-300x375.jpg 300w, https:\/\/kennel-alppililja.com\/wp-content\/uploads\/2024\/02\/864386E3-0688-4B25-B1A4-D39D607D6394-600x750.jpg 600w, https:\/\/kennel-alppililja.com\/wp-content\/uploads\/2024\/02\/864386E3-0688-4B25-B1A4-D39D607D6394.jpg 1440w\" sizes=\"auto, (max-width: 820px) 100vw, 820px\" \/><\/figure>\n\n<\/div>\n\n<div class=\"gb-container gb-container-5382b586\">\n\n<p>Olemme eritt\u00e4in sitoutuneita pentujemme hyvinvointiin ja tukemme jatkuu aina koiran koko elini\u00e4n ajan ja olemme k\u00e4ytett\u00e4viss\u00e4 vastaamassa kaikkiin kysymyksiisi ja tarpeisiisi.<\/p>\n\n\n\n<a class=\"gb-button gb-button-922fc734 gb-button-text\" href=\"https:\/\/kennel-alppililja.com\/index.php\/yhteystiedot\/\">Ota meihin yhteytt\u00e4<\/a>\n\n<\/div>\n<\/div>\n<\/section>\n\n<section class=\"gb-container gb-container-9099a2d5\">\n<div class=\"gb-container gb-container-2a9f1faa\">\n\n<div class=\"wp-block-group\"><div class=\"wp-block-group__inner-container is-layout-constrained wp-block-group-is-layout-constrained\"><section class=\"gb-container gb-container-d762ae71\">\n<div class=\"gb-container gb-container-3b7631b6\">\n\n<h2 class=\"gb-headline gb-headline-841f5489 gb-headline-text\">Panostamme koiriemme sosiaalistamiseen ja kasvatukseen varhaisesta vaiheesta l\u00e4htien.<\/h2>\n\n\n\n<p>Pennut kasvavat rakkaudella ja huolenpidolla ymp\u00e4r\u00f6ityin\u00e4, mik\u00e4 auttaa heit\u00e4 kehitt\u00e4m\u00e4\u00e4n luottamusta, itseluottamusta ja hyvi\u00e4 k\u00e4yt\u00f6stapoja. N\u00e4in varmistamme, ett\u00e4 tulevaisuudessa kotisi saapuva pentu on valmis ottamaan vastaan uudet haasteet ja sopeutumaan perheesi el\u00e4m\u00e4\u00e4n vaivattomasti.<\/p>\n\n\n\n<p>Tavoitteenamme ja toiveissamme on saada jalostusty\u00f6st\u00e4 avoimempaa! Avoin kerronta koirien terveydest\u00e4 ja syist\u00e4 koirien menehtymiseen auttaa meit\u00e4 kaikkia jalostukseksellisesti saamaan terveempi\u00e4 ja pitk\u00e4ik\u00e4isempi\u00e4 koria!<\/p>\n\n<\/div>\n\n<div class=\"gb-container gb-container-45d0942a\"><\/div>\n<\/section>\n\n<section class=\"gb-container gb-container-ff857c74\">\n<div class=\"gb-container gb-container-caa21526\">\n\n<h2 class=\"gb-headline gb-headline-8c9290d4 gb-headline-text\">Ket\u00e4 olemme<\/h2>\n\n\n\n<p>Perheeseemme kuuluu lis\u00e4kseni, poikamme Aleks, aviomieheni Juha, kolme kaunista bernineitoa ja Mittelspitz neito sek\u00e4 Suomen hevonen Ooja.<br>Alla hieman taustaa miten t\u00e4m\u00e4 &#8220;bernikuume&#8221; on minuun aikoinaan iskenyt.<\/p>\n\n\n\n<p><br>Intohimoni berneihin on syttynyt vanhemmiltani. Ensimm\u00e4inen Berni tuli meille vuonna 2000 Bernario Ortwin, jonka j\u00e4lkeen vanhemmilleni kertyikin viel\u00e4 kolme bernipoikaa lis\u00e4\u00e4, Maroussia Brad Einarsson,h\u00e4nen poikansa sen j\u00e4lkeen Doremis Waldemar Brad ja Apollo. En voinut ikin\u00e4 kuvitellakkaan kuinka valloittava Berninpaimenkoira on rotuna, lojaali, rakastava ja yksinkertaisesti maailman paras koirarotu!<\/p>\n\n<\/div>\n\n<div class=\"gb-container gb-container-85971fbe\"><\/div>\n<\/section>\n\n<section class=\"gb-container gb-container-27524c5b\">\n<div class=\"gb-container gb-container-c09acdd0\">\n\n<h2 class=\"gb-headline gb-headline-dd85763e gb-headline-text\">N\u00e4yttelyt<\/h2>\n\n\n\n<p>Alunalkaen n\u00e4yttelyt ei niink\u00e4\u00e4n kiinnostanut minua&#8230; ennen kuin yksi kaunis p\u00e4iv\u00e4 ns.vahingossa ajauduin esitt\u00e4m\u00e4\u00e4n vanhempieni berni\u00e4 Maroussia Brad Einarssonia n\u00e4yttelyss\u00e4. Vaikken voi sanoa ett\u00e4k\u00f6 se ensimm\u00e4inen kerta k\u00e4det t\u00e4risten ja hiki otsalla olisi mennyt kuin &#8220;elokuvissa&#8221;, syntyi t\u00e4st\u00e4 jokin selitt\u00e4m\u00e4t\u00f6n palo n\u00e4yttelyihin minulla. Siit\u00e4 asti on tullut kierrytty\u00e4 n\u00e4yttelyiss\u00e4 tiuhaan tahtiin.<\/p>\n\n\n\n<p>Vuonna 2010 perheeseemme saapui Zweierteam Ramonda (Iiris) vihdoin se narttu jonka kanssa sain juosta n\u00e4yttelyiss\u00e4 niin paljon kuin sielu ja rahapussi sieti \ud83d\ude09 Iiris oli sijoituksessa meill\u00e4, joten vuonna 2013 Iiris sai ensimm\u00e4iset pentunsa toiseen kenneliin. <\/p>\n\n\n\n<p>Kun &#8220;mammaloma&#8221; oli ohitse aloimme taas Iiriksen kanssa laukata n\u00e4yttelyiss\u00e4. Kunnes tuli ajankohtaiseksi VIIMEIN teett\u00e4\u00e4 ne ihka ensimm\u00e4iset pennut Kennel Alppililjalle! Maailman ihaninta ett\u00e4 ensimm\u00e4isten Alppililja pentujen \u00e4iti sai olla juuri Iiris, minun oma &#8220;persk\u00e4rp\u00e4seni&#8221;. Niinp\u00e4 Alppililjan pennut syntyiv\u00e4tkin 28, helmikuuta 2015.<\/p>\n\n\n\n<p><br>Kennelnimi minulle my\u00f6nnettiin jo vuonna 2009, mutta n\u00e4in kauan jouduin odottamaan ett\u00e4 haaveeni oman kennelin pennuista toteutui.<\/p>\n\n<\/div>\n\n<div class=\"gb-container gb-container-c36af25c\">\n\n<figure class=\"wp-block-image size-large\"><img loading=\"lazy\" decoding=\"async\" width=\"633\" height=\"1024\" src=\"http:\/\/kennel-alppililja.com\/wp-content\/uploads\/2023\/09\/IMG_9381-633x1024.jpg\" alt=\"\" class=\"wp-image-2079\" srcset=\"https:\/\/kennel-alppililja.com\/wp-content\/uploads\/2023\/09\/IMG_9381-633x1024.jpg 633w, https:\/\/kennel-alppililja.com\/wp-content\/uploads\/2023\/09\/IMG_9381-185x300.jpg 185w, https:\/\/kennel-alppililja.com\/wp-content\/uploads\/2023\/09\/IMG_9381-768x1243.jpg 768w, https:\/\/kennel-alppililja.com\/wp-content\/uploads\/2023\/09\/IMG_9381-949x1536.jpg 949w, https:\/\/kennel-alppililja.com\/wp-content\/uploads\/2023\/09\/IMG_9381-300x486.jpg 300w, https:\/\/kennel-alppililja.com\/wp-content\/uploads\/2023\/09\/IMG_9381-600x971.jpg 600w, https:\/\/kennel-alppililja.com\/wp-content\/uploads\/2023\/09\/IMG_9381.jpg 1086w\" sizes=\"auto, (max-width: 633px) 100vw, 633px\" \/><\/figure>\n\n<\/div>\n<\/section>\n\n<section class=\"gb-container gb-container-088d592e\">\n<div class=\"gb-container gb-container-b0c7dfb6\">\n\n<h2 class=\"gb-headline gb-headline-21933b42 gb-headline-text\">Miten sitten Tiian ja Rebecan matka on saanut alkunsa?<\/h2>\n\n\n\n<p>Vastaus on tietenkin palava rakkaus Berneihin. Rebecca k\u00e4veli Tiian ovesta sis\u00e4\u00e4n kun Alppililjan ensimm\u00e4inen pentue oli syntynyt. <\/p>\n\n\n\n<p>Rebecca oli yhteydess\u00e4 s.postitse ensin pennun osto mieless\u00e4\u00e4n. Ja tottakai h\u00e4nelle oli soitettava, niin hyv\u00e4lt\u00e4 tuleva koti vaikutti. Kun Rebecca tuli kennel Alppililjan ovelle ensi kertaa, oli se heti kuin kaksi ihmist\u00e4 olisivat aina tunteneet toisensa. <\/p>\n\n\n\n<p>Rebecalle siis muutti kennelin ihka ensimm\u00e4isest\u00e4 pentueesta pentu. Siit\u00e4 asti olemme olleet muutakin vain kasvattaja ja pennun omistaja, olemme olleet Yst\u00e4vi\u00e4 isolla Y.yll\u00e4! <\/p>\n\n\n\n<p>Ja niin kuin yst\u00e4vyys kuuluu ei se aina ole vain ruusuilla tanssimista. Mutta juuri sen takia, kun olemme karikoita surua, iloa, itkua ja naurua kohdanneet voimme sanoa ett\u00e4 me vain vahvistamme toisiamme. Siksi meit\u00e4 on nyt 2023 kaksi kennel Alppililjan omistajaa. <\/p>\n\n\n\n<p>Me t\u00e4ydenn\u00e4mme toisemme ja teemme t\u00e4t\u00e4 100 lasissa rakkaudesta koiriin ja ennenkaikkea Berninpaimenkoiriin \u2764\ufe0f<\/p>\n\n<\/div>\n\n<div class=\"gb-container gb-container-85cc6930\">\n\n<figure class=\"wp-block-image size-full\"><img loading=\"lazy\" decoding=\"async\" width=\"2560\" height=\"1920\" src=\"https:\/\/kennel-alppililja.com\/wp-content\/uploads\/2023\/09\/IMG_7592-scaled.jpg\" alt=\"\" class=\"wp-image-2057\" srcset=\"https:\/\/kennel-alppililja.com\/wp-content\/uploads\/2023\/09\/IMG_7592-scaled.jpg 2560w, https:\/\/kennel-alppililja.com\/wp-content\/uploads\/2023\/09\/IMG_7592-300x225.jpg 300w, https:\/\/kennel-alppililja.com\/wp-content\/uploads\/2023\/09\/IMG_7592-1024x768.jpg 1024w, https:\/\/kennel-alppililja.com\/wp-content\/uploads\/2023\/09\/IMG_7592-768x576.jpg 768w, https:\/\/kennel-alppililja.com\/wp-content\/uploads\/2023\/09\/IMG_7592-1536x1152.jpg 1536w, https:\/\/kennel-alppililja.com\/wp-content\/uploads\/2023\/09\/IMG_7592-2048x1536.jpg 2048w, https:\/\/kennel-alppililja.com\/wp-content\/uploads\/2023\/09\/IMG_7592-600x450.jpg 600w\" sizes=\"auto, (max-width: 2560px) 100vw, 2560px\" \/><\/figure>\n\n<\/div>\n<\/section><\/div><\/div>\n\n<\/div>\n\n<div class=\"gb-grid-wrapper gb-grid-wrapper-95a882f0\">\n<div class=\"gb-grid-column gb-grid-column-621eb935\"><div class=\"gb-container gb-container-621eb935\">\n<div class=\"wp-block-image is-style-rounded\">\n<figure class=\"aligncenter size-large\"><img loading=\"lazy\" decoding=\"async\" width=\"1024\" height=\"887\" src=\"https:\/\/kennel-alppililja.com\/wp-content\/uploads\/2023\/09\/Rebecca_96full-scaled-e1600168722191-1024x887.jpg\" alt=\"\" class=\"wp-image-2034\" style=\"aspect-ratio:1;object-fit:cover\" srcset=\"https:\/\/kennel-alppililja.com\/wp-content\/uploads\/2023\/09\/Rebecca_96full-scaled-e1600168722191-1024x887.jpg 1024w, https:\/\/kennel-alppililja.com\/wp-content\/uploads\/2023\/09\/Rebecca_96full-scaled-e1600168722191-300x260.jpg 300w, https:\/\/kennel-alppililja.com\/wp-content\/uploads\/2023\/09\/Rebecca_96full-scaled-e1600168722191-600x520.jpg 600w, https:\/\/kennel-alppililja.com\/wp-content\/uploads\/2023\/09\/Rebecca_96full-scaled-e1600168722191-768x665.jpg 768w, https:\/\/kennel-alppililja.com\/wp-content\/uploads\/2023\/09\/Rebecca_96full-scaled-e1600168722191-1536x1330.jpg 1536w, https:\/\/kennel-alppililja.com\/wp-content\/uploads\/2023\/09\/Rebecca_96full-scaled-e1600168722191.jpg 1707w\" sizes=\"auto, (max-width: 1024px) 100vw, 1024px\" \/><\/figure>\n<\/div>\n\n\n<h3 class=\"gb-headline gb-headline-c0ab15f5 gb-headline-text\">Rebecca Karjalainen<\/h3>\n\n<\/div><\/div>\n\n<div class=\"gb-grid-column gb-grid-column-ecf561d4\"><div class=\"gb-container gb-container-ecf561d4\">\n<div class=\"wp-block-image is-style-rounded\">\n<figure class=\"aligncenter size-large\"><img loading=\"lazy\" decoding=\"async\" width=\"768\" height=\"1024\" src=\"http:\/\/kennel-alppililja.com\/wp-content\/uploads\/2023\/09\/IMG_7463-768x1024.jpg\" alt=\"\" class=\"wp-image-2053\" style=\"aspect-ratio:1;object-fit:cover\" srcset=\"https:\/\/kennel-alppililja.com\/wp-content\/uploads\/2023\/09\/IMG_7463-768x1024.jpg 768w, https:\/\/kennel-alppililja.com\/wp-content\/uploads\/2023\/09\/IMG_7463-225x300.jpg 225w, https:\/\/kennel-alppililja.com\/wp-content\/uploads\/2023\/09\/IMG_7463-1152x1536.jpg 1152w, https:\/\/kennel-alppililja.com\/wp-content\/uploads\/2023\/09\/IMG_7463-1536x2048.jpg 1536w, https:\/\/kennel-alppililja.com\/wp-content\/uploads\/2023\/09\/IMG_7463-300x400.jpg 300w, https:\/\/kennel-alppililja.com\/wp-content\/uploads\/2023\/09\/IMG_7463-600x800.jpg 600w, https:\/\/kennel-alppililja.com\/wp-content\/uploads\/2023\/09\/IMG_7463-scaled.jpg 1920w\" sizes=\"auto, (max-width: 768px) 100vw, 768px\" \/><\/figure>\n<\/div>\n\n\n<h3 class=\"gb-headline gb-headline-3607bb0f gb-headline-text\">Tiia <br>K\u00e4nk\u00e4nen-Solonen<\/h3>\n\n\n\n<p class=\"gb-headline gb-headline-3a06cf60 gb-headline-text\"><\/p>\n\n\n<div class=\"gb-container gb-container-0164847e\"><\/div>\n<\/div><\/div>\n<\/div>\n<\/section>\n\n<section class=\"gb-container gb-container-a52216ea\"><\/section>\n\n<section class=\"gb-container gb-container-7702a1a7\">\n<div class=\"gb-container gb-container-1b4fb3ac\"><\/div>\n<\/section>","protected":false},"excerpt":{"rendered":"<p>Kennel Alppililja Tervetuloa tutustumaan intohimolla kasvatettuihin koiriimme! Tavoitteenamme on jalostaa terveit\u00e4, kauniita ja tasapainoisia koiria. Kasvatusty\u00f6mme perustuu huolelliseen ja valikoivaan jalostukseen. Valitsemamme jalostusyksil\u00f6t t\u00e4ytt\u00e4v\u00e4t kaikki PEVISA terveys- ja rotum\u00e4\u00e4ritelm\u00e4t.T\u00e4m\u00e4 auttaa minimoimaan perinn\u00f6llisten sairauksien riskin ja takaa vankan perustan terveelle sukulinjallemme. Meist\u00e4 Olemme eritt\u00e4in sitoutuneita pentujemme hyvinvointiin ja tukemme jatkuu aina koiran koko elini\u00e4n ajan ja &#8230; <a title=\"Home\" class=\"read-more\" href=\"https:\/\/kennel-alppililja.com\/\" aria-label=\"More on Home\">Read more<\/a><\/p>\n","protected":false},"author":1,"featured_media":0,"parent":0,"menu_order":0,"comment_status":"closed","ping_status":"open","template":"","meta":{"footnotes":""},"class_list":["post-1865","page","type-page","status-publish"],"_links":{"self":[{"href":"https:\/\/kennel-alppililja.com\/index.php\/wp-json\/wp\/v2\/pages\/1865","targetHints":{"allow":["GET"]}}],"collection":[{"href":"https:\/\/kennel-alppililja.com\/index.php\/wp-json\/wp\/v2\/pages"}],"about":[{"href":"https:\/\/kennel-alppililja.com\/index.php\/wp-json\/wp\/v2\/types\/page"}],"author":[{"embeddable":true,"href":"https:\/\/kennel-alppililja.com\/index.php\/wp-json\/wp\/v2\/users\/1"}],"replies":[{"embeddable":true,"href":"https:\/\/kennel-alppililja.com\/index.php\/wp-json\/wp\/v2\/comments?post=1865"}],"version-history":[{"count":37,"href":"https:\/\/kennel-alppililja.com\/index.php\/wp-json\/wp\/v2\/pages\/1865\/revisions"}],"predecessor-version":[{"id":2196,"href":"https:\/\/kennel-alppililja.com\/index.php\/wp-json\/wp\/v2\/pages\/1865\/revisions\/2196"}],"wp:attachment":[{"href":"https:\/\/kennel-alppililja.com\/index.php\/wp-json\/wp\/v2\/media?parent=1865"}],"curies":[{"name":"wp","href":"https:\/\/api.w.org\/{rel}","templated":true}]}}