{"id":2087,"date":"2024-02-28T20:02:17","date_gmt":"2024-02-28T19:02:17","guid":{"rendered":"https:\/\/kennel-alppililja.com\/?page_id=2087"},"modified":"2024-02-28T21:00:14","modified_gmt":"2024-02-28T20:00:14","slug":"pennut","status":"publish","type":"page","link":"https:\/\/kennel-alppililja.com\/index.php\/pennut\/","title":{"rendered":"Pentueet"},"content":{"rendered":"\n<div class=\"wp-block-group\"><div class=\"wp-block-group__inner-container is-layout-constrained wp-block-group-is-layout-constrained\">\n<h2 class=\"gb-headline gb-headline-65b64cd8 gb-headline-text\">A pentue 2015<\/h2>\n\n\n\n<p>Em\u00e4 ZWEIERTEAM RAMONDA | FI MVA EE MVA LVJV-12<br>Is\u00e4 BERNERDALENS JACKPOT | C.I.B. POHJ MVA FI MVA DK MVA SE MVA NO MVA PMV-11 PMJV-11 HeW-13 PMV-13 V-13 SEV-13 EUV-14 SEV-14 HeW-16 V-17 HeW-17<\/p>\n\n\n\n<p>ALPPILILJA ALEXINA<br>ALPPILILJA ANCELINA | EE MVA EEJV-16<br>ALPPILILJA APOLLINA<br>ALPPILILJA ARADINA<\/p>\n\n\n\n<figure class=\"wp-block-gallery has-nested-images columns-4 is-cropped wp-block-gallery-1 is-layout-flex wp-block-gallery-is-layout-flex\">\n<figure class=\"wp-block-image size-large\"><img loading=\"lazy\" decoding=\"async\" width=\"960\" height=\"640\" data-id=\"2141\" src=\"https:\/\/kennel-alppililja.com\/wp-content\/uploads\/2024\/02\/A-pentue-pinot-1.jpg\" alt=\"\" class=\"wp-image-2141\" srcset=\"https:\/\/kennel-alppililja.com\/wp-content\/uploads\/2024\/02\/A-pentue-pinot-1.jpg 960w, https:\/\/kennel-alppililja.com\/wp-content\/uploads\/2024\/02\/A-pentue-pinot-1-300x200.jpg 300w, https:\/\/kennel-alppililja.com\/wp-content\/uploads\/2024\/02\/A-pentue-pinot-1-768x512.jpg 768w, https:\/\/kennel-alppililja.com\/wp-content\/uploads\/2024\/02\/A-pentue-pinot-1-600x400.jpg 600w\" sizes=\"auto, (max-width: 960px) 100vw, 960px\" \/><\/figure>\n\n\n\n<figure class=\"wp-block-image size-large\"><img loading=\"lazy\" decoding=\"async\" width=\"685\" height=\"960\" data-id=\"2142\" src=\"https:\/\/kennel-alppililja.com\/wp-content\/uploads\/2024\/02\/A-pentue-pinot-2.jpg\" alt=\"\" class=\"wp-image-2142\" srcset=\"https:\/\/kennel-alppililja.com\/wp-content\/uploads\/2024\/02\/A-pentue-pinot-2.jpg 685w, https:\/\/kennel-alppililja.com\/wp-content\/uploads\/2024\/02\/A-pentue-pinot-2-214x300.jpg 214w, https:\/\/kennel-alppililja.com\/wp-content\/uploads\/2024\/02\/A-pentue-pinot-2-300x420.jpg 300w, https:\/\/kennel-alppililja.com\/wp-content\/uploads\/2024\/02\/A-pentue-pinot-2-600x841.jpg 600w\" sizes=\"auto, (max-width: 685px) 100vw, 685px\" \/><\/figure>\n\n\n\n<figure class=\"wp-block-image size-large\"><img loading=\"lazy\" decoding=\"async\" width=\"1024\" height=\"768\" data-id=\"2143\" src=\"https:\/\/kennel-alppililja.com\/wp-content\/uploads\/2024\/02\/A-pentue-pinot-3-1024x768.jpg\" alt=\"\" class=\"wp-image-2143\" srcset=\"https:\/\/kennel-alppililja.com\/wp-content\/uploads\/2024\/02\/A-pentue-pinot-3-1024x768.jpg 1024w, https:\/\/kennel-alppililja.com\/wp-content\/uploads\/2024\/02\/A-pentue-pinot-3-300x225.jpg 300w, https:\/\/kennel-alppililja.com\/wp-content\/uploads\/2024\/02\/A-pentue-pinot-3-768x576.jpg 768w, https:\/\/kennel-alppililja.com\/wp-content\/uploads\/2024\/02\/A-pentue-pinot-3-1536x1152.jpg 1536w, https:\/\/kennel-alppililja.com\/wp-content\/uploads\/2024\/02\/A-pentue-pinot-3-2048x1536.jpg 2048w, https:\/\/kennel-alppililja.com\/wp-content\/uploads\/2024\/02\/A-pentue-pinot-3-600x450.jpg 600w\" sizes=\"auto, (max-width: 1024px) 100vw, 1024px\" \/><\/figure>\n\n\n\n<figure class=\"wp-block-image size-large\"><img loading=\"lazy\" decoding=\"async\" width=\"960\" height=\"960\" data-id=\"2144\" src=\"https:\/\/kennel-alppililja.com\/wp-content\/uploads\/2024\/02\/A-pentue-Anneli-1.jpg\" alt=\"\" class=\"wp-image-2144\" srcset=\"https:\/\/kennel-alppililja.com\/wp-content\/uploads\/2024\/02\/A-pentue-Anneli-1.jpg 960w, https:\/\/kennel-alppililja.com\/wp-content\/uploads\/2024\/02\/A-pentue-Anneli-1-300x300.jpg 300w, https:\/\/kennel-alppililja.com\/wp-content\/uploads\/2024\/02\/A-pentue-Anneli-1-150x150.jpg 150w, https:\/\/kennel-alppililja.com\/wp-content\/uploads\/2024\/02\/A-pentue-Anneli-1-768x768.jpg 768w, https:\/\/kennel-alppililja.com\/wp-content\/uploads\/2024\/02\/A-pentue-Anneli-1-600x600.jpg 600w, https:\/\/kennel-alppililja.com\/wp-content\/uploads\/2024\/02\/A-pentue-Anneli-1-100x100.jpg 100w\" sizes=\"auto, (max-width: 960px) 100vw, 960px\" \/><\/figure>\n\n\n\n<figure class=\"wp-block-image size-large\"><img loading=\"lazy\" decoding=\"async\" width=\"1010\" height=\"1024\" data-id=\"2145\" src=\"https:\/\/kennel-alppililja.com\/wp-content\/uploads\/2024\/02\/A-pentue-Anneli-2-1010x1024.jpg\" alt=\"\" class=\"wp-image-2145\" srcset=\"https:\/\/kennel-alppililja.com\/wp-content\/uploads\/2024\/02\/A-pentue-Anneli-2-1010x1024.jpg 1010w, https:\/\/kennel-alppililja.com\/wp-content\/uploads\/2024\/02\/A-pentue-Anneli-2-296x300.jpg 296w, https:\/\/kennel-alppililja.com\/wp-content\/uploads\/2024\/02\/A-pentue-Anneli-2-768x778.jpg 768w, https:\/\/kennel-alppililja.com\/wp-content\/uploads\/2024\/02\/A-pentue-Anneli-2-300x304.jpg 300w, https:\/\/kennel-alppililja.com\/wp-content\/uploads\/2024\/02\/A-pentue-Anneli-2-600x608.jpg 600w, https:\/\/kennel-alppililja.com\/wp-content\/uploads\/2024\/02\/A-pentue-Anneli-2-100x100.jpg 100w, https:\/\/kennel-alppililja.com\/wp-content\/uploads\/2024\/02\/A-pentue-Anneli-2.jpg 1263w\" sizes=\"auto, (max-width: 1010px) 100vw, 1010px\" \/><\/figure>\n\n\n\n<figure class=\"wp-block-image size-large\"><img loading=\"lazy\" decoding=\"async\" width=\"686\" height=\"960\" data-id=\"2146\" src=\"https:\/\/kennel-alppililja.com\/wp-content\/uploads\/2024\/02\/A-pentue-Anneli-3.jpg\" alt=\"\" class=\"wp-image-2146\" srcset=\"https:\/\/kennel-alppililja.com\/wp-content\/uploads\/2024\/02\/A-pentue-Anneli-3.jpg 686w, https:\/\/kennel-alppililja.com\/wp-content\/uploads\/2024\/02\/A-pentue-Anneli-3-214x300.jpg 214w, https:\/\/kennel-alppililja.com\/wp-content\/uploads\/2024\/02\/A-pentue-Anneli-3-300x420.jpg 300w, https:\/\/kennel-alppililja.com\/wp-content\/uploads\/2024\/02\/A-pentue-Anneli-3-600x840.jpg 600w\" sizes=\"auto, (max-width: 686px) 100vw, 686px\" \/><\/figure>\n\n\n\n<figure class=\"wp-block-image size-large\"><img loading=\"lazy\" decoding=\"async\" width=\"818\" height=\"1024\" data-id=\"2147\" src=\"https:\/\/kennel-alppililja.com\/wp-content\/uploads\/2024\/02\/A-pentue-Anneli-4-818x1024.jpg\" alt=\"\" class=\"wp-image-2147\" srcset=\"https:\/\/kennel-alppililja.com\/wp-content\/uploads\/2024\/02\/A-pentue-Anneli-4-818x1024.jpg 818w, https:\/\/kennel-alppililja.com\/wp-content\/uploads\/2024\/02\/A-pentue-Anneli-4-240x300.jpg 240w, https:\/\/kennel-alppililja.com\/wp-content\/uploads\/2024\/02\/A-pentue-Anneli-4-768x961.jpg 768w, https:\/\/kennel-alppililja.com\/wp-content\/uploads\/2024\/02\/A-pentue-Anneli-4-300x375.jpg 300w, https:\/\/kennel-alppililja.com\/wp-content\/uploads\/2024\/02\/A-pentue-Anneli-4-600x751.jpg 600w, https:\/\/kennel-alppililja.com\/wp-content\/uploads\/2024\/02\/A-pentue-Anneli-4.jpg 1023w\" sizes=\"auto, (max-width: 818px) 100vw, 818px\" \/><\/figure>\n\n\n\n<figure class=\"wp-block-image size-large\"><img loading=\"lazy\" decoding=\"async\" width=\"450\" height=\"450\" data-id=\"2148\" src=\"https:\/\/kennel-alppililja.com\/wp-content\/uploads\/2024\/02\/A-pentue-Anneli-5.jpg\" alt=\"\" class=\"wp-image-2148\" srcset=\"https:\/\/kennel-alppililja.com\/wp-content\/uploads\/2024\/02\/A-pentue-Anneli-5.jpg 450w, https:\/\/kennel-alppililja.com\/wp-content\/uploads\/2024\/02\/A-pentue-Anneli-5-300x300.jpg 300w, https:\/\/kennel-alppililja.com\/wp-content\/uploads\/2024\/02\/A-pentue-Anneli-5-150x150.jpg 150w, https:\/\/kennel-alppililja.com\/wp-content\/uploads\/2024\/02\/A-pentue-Anneli-5-100x100.jpg 100w\" sizes=\"auto, (max-width: 450px) 100vw, 450px\" \/><\/figure>\n<\/figure>\n<\/div><\/div>\n\n\n\n<div class=\"wp-block-group\"><div class=\"wp-block-group__inner-container is-layout-constrained wp-block-group-is-layout-constrained\">\n<h2 class=\"gb-headline gb-headline-65b64cd8 gb-headline-text\">B pentue 2017<\/h2>\n\n\n\n<p>Em\u00e4: ALPPILILJA ANCELINA | EE MVA EEJV-16<br>Is\u00e4: MILBU MAXIMUS TO MARGARITA NIGRA | EE MVA LT JMVA EE JMVA TLNJW-16 TLNW-17 LVV-17<\/p>\n\n\n\n<p>ALPPILILJA BECAUSE I AM A STAR<br>ALPPILILJA BECAUSE I AM LUCKY | FI MVA EE MVA<\/p>\n\n\n\n<figure class=\"wp-block-gallery has-nested-images columns-4 is-cropped wp-block-gallery-2 is-layout-flex wp-block-gallery-is-layout-flex\">\n<figure class=\"wp-block-image size-large\"><img loading=\"lazy\" decoding=\"async\" width=\"1024\" height=\"768\" data-id=\"2076\" src=\"https:\/\/kennel-alppililja.com\/wp-content\/uploads\/2023\/09\/IMG_8762-1-1024x768.jpg\" alt=\"\" class=\"wp-image-2076\" srcset=\"https:\/\/kennel-alppililja.com\/wp-content\/uploads\/2023\/09\/IMG_8762-1-1024x768.jpg 1024w, https:\/\/kennel-alppililja.com\/wp-content\/uploads\/2023\/09\/IMG_8762-1-300x225.jpg 300w, https:\/\/kennel-alppililja.com\/wp-content\/uploads\/2023\/09\/IMG_8762-1-768x576.jpg 768w, https:\/\/kennel-alppililja.com\/wp-content\/uploads\/2023\/09\/IMG_8762-1-1536x1152.jpg 1536w, https:\/\/kennel-alppililja.com\/wp-content\/uploads\/2023\/09\/IMG_8762-1-2048x1536.jpg 2048w, https:\/\/kennel-alppililja.com\/wp-content\/uploads\/2023\/09\/IMG_8762-1-600x450.jpg 600w\" sizes=\"auto, (max-width: 1024px) 100vw, 1024px\" \/><\/figure>\n\n\n\n<figure class=\"wp-block-image size-large\"><img loading=\"lazy\" decoding=\"async\" width=\"512\" height=\"1024\" data-id=\"2134\" src=\"https:\/\/kennel-alppililja.com\/wp-content\/uploads\/2024\/02\/B-pentue-Because-I-am-a-star-1-1-512x1024.jpg\" alt=\"\" class=\"wp-image-2134\" srcset=\"https:\/\/kennel-alppililja.com\/wp-content\/uploads\/2024\/02\/B-pentue-Because-I-am-a-star-1-1-512x1024.jpg 512w, https:\/\/kennel-alppililja.com\/wp-content\/uploads\/2024\/02\/B-pentue-Because-I-am-a-star-1-1-150x300.jpg 150w, https:\/\/kennel-alppililja.com\/wp-content\/uploads\/2024\/02\/B-pentue-Because-I-am-a-star-1-1-300x600.jpg 300w, https:\/\/kennel-alppililja.com\/wp-content\/uploads\/2024\/02\/B-pentue-Because-I-am-a-star-1-1-600x1200.jpg 600w, https:\/\/kennel-alppililja.com\/wp-content\/uploads\/2024\/02\/B-pentue-Because-I-am-a-star-1-1.jpg 640w\" sizes=\"auto, (max-width: 512px) 100vw, 512px\" \/><\/figure>\n\n\n\n<figure class=\"wp-block-image size-large\"><img loading=\"lazy\" decoding=\"async\" width=\"512\" height=\"1024\" data-id=\"2135\" src=\"https:\/\/kennel-alppililja.com\/wp-content\/uploads\/2024\/02\/b-pentue-Because-I-am-a-star-2-1-512x1024.jpg\" alt=\"\" class=\"wp-image-2135\" srcset=\"https:\/\/kennel-alppililja.com\/wp-content\/uploads\/2024\/02\/b-pentue-Because-I-am-a-star-2-1-512x1024.jpg 512w, https:\/\/kennel-alppililja.com\/wp-content\/uploads\/2024\/02\/b-pentue-Because-I-am-a-star-2-1-150x300.jpg 150w, https:\/\/kennel-alppililja.com\/wp-content\/uploads\/2024\/02\/b-pentue-Because-I-am-a-star-2-1-300x600.jpg 300w, https:\/\/kennel-alppililja.com\/wp-content\/uploads\/2024\/02\/b-pentue-Because-I-am-a-star-2-1-600x1200.jpg 600w, https:\/\/kennel-alppililja.com\/wp-content\/uploads\/2024\/02\/b-pentue-Because-I-am-a-star-2-1.jpg 640w\" sizes=\"auto, (max-width: 512px) 100vw, 512px\" \/><\/figure>\n\n\n\n<figure class=\"wp-block-image size-large\"><img loading=\"lazy\" decoding=\"async\" width=\"960\" height=\"663\" data-id=\"2137\" src=\"https:\/\/kennel-alppililja.com\/wp-content\/uploads\/2024\/02\/onneli-kukkaistytto.jpg\" alt=\"\" class=\"wp-image-2137\" srcset=\"https:\/\/kennel-alppililja.com\/wp-content\/uploads\/2024\/02\/onneli-kukkaistytto.jpg 960w, https:\/\/kennel-alppililja.com\/wp-content\/uploads\/2024\/02\/onneli-kukkaistytto-300x207.jpg 300w, https:\/\/kennel-alppililja.com\/wp-content\/uploads\/2024\/02\/onneli-kukkaistytto-768x530.jpg 768w, https:\/\/kennel-alppililja.com\/wp-content\/uploads\/2024\/02\/onneli-kukkaistytto-600x414.jpg 600w\" sizes=\"auto, (max-width: 960px) 100vw, 960px\" \/><\/figure>\n\n\n\n<figure class=\"wp-block-image size-large\"><img loading=\"lazy\" decoding=\"async\" width=\"960\" height=\"640\" data-id=\"2138\" src=\"https:\/\/kennel-alppililja.com\/wp-content\/uploads\/2024\/02\/onneli-pikkuinen.jpg\" alt=\"\" class=\"wp-image-2138\" srcset=\"https:\/\/kennel-alppililja.com\/wp-content\/uploads\/2024\/02\/onneli-pikkuinen.jpg 960w, https:\/\/kennel-alppililja.com\/wp-content\/uploads\/2024\/02\/onneli-pikkuinen-300x200.jpg 300w, https:\/\/kennel-alppililja.com\/wp-content\/uploads\/2024\/02\/onneli-pikkuinen-768x512.jpg 768w, https:\/\/kennel-alppililja.com\/wp-content\/uploads\/2024\/02\/onneli-pikkuinen-600x400.jpg 600w\" sizes=\"auto, (max-width: 960px) 100vw, 960px\" \/><\/figure>\n<\/figure>\n<\/div><\/div>\n\n\n\n<div class=\"wp-block-group\"><div class=\"wp-block-group__inner-container is-layout-constrained wp-block-group-is-layout-constrained\">\n<h2 class=\"gb-headline gb-headline-65b64cd8 gb-headline-text\">C pentue 2021<\/h2>\n\n\n\n<p>Em\u00e4: ALPPILILJA BECAUSE I AM LUCKY | FI MVA EE MVA<br>Is\u00e4: GOLDBEAR&#8217;S FERNANDO ALONSO| FI MVA SE MVA DK MVA EE MVA LV MVA NO MVA LT MVA BALT MVA LV JMVA EE JMVA SEJV-18<\/p>\n\n\n\n<p>ALPPILILJA CARAMELLI CARPE DIEM<\/p>\n\n\n\n<figure class=\"wp-block-gallery has-nested-images columns-4 is-cropped wp-block-gallery-3 is-layout-flex wp-block-gallery-is-layout-flex\">\n<figure class=\"wp-block-image size-large\"><img loading=\"lazy\" decoding=\"async\" width=\"768\" height=\"1024\" data-id=\"2131\" src=\"https:\/\/kennel-alppililja.com\/wp-content\/uploads\/2024\/02\/C-pentue-768x1024.jpg\" alt=\"\" class=\"wp-image-2131\" srcset=\"https:\/\/kennel-alppililja.com\/wp-content\/uploads\/2024\/02\/C-pentue-768x1024.jpg 768w, https:\/\/kennel-alppililja.com\/wp-content\/uploads\/2024\/02\/C-pentue-225x300.jpg 225w, https:\/\/kennel-alppililja.com\/wp-content\/uploads\/2024\/02\/C-pentue-1152x1536.jpg 1152w, https:\/\/kennel-alppililja.com\/wp-content\/uploads\/2024\/02\/C-pentue-1536x2048.jpg 1536w, https:\/\/kennel-alppililja.com\/wp-content\/uploads\/2024\/02\/C-pentue-300x400.jpg 300w, https:\/\/kennel-alppililja.com\/wp-content\/uploads\/2024\/02\/C-pentue-600x800.jpg 600w, https:\/\/kennel-alppililja.com\/wp-content\/uploads\/2024\/02\/C-pentue-scaled.jpg 1920w\" sizes=\"auto, (max-width: 768px) 100vw, 768px\" \/><\/figure>\n<\/figure>\n<\/div><\/div>\n\n\n\n<div class=\"wp-block-group\"><div class=\"wp-block-group__inner-container is-layout-constrained wp-block-group-is-layout-constrained\">\n<h2 class=\"gb-headline gb-headline-0817e16a gb-headline-text\">D pentue 2021<\/h2>\n\n\n\n<p>Em\u00e4: RIDON HENNET \u00d5NNELIK \u00d5HTUP\u00c4IKE | LV JMVA EE JMVA TLNJW-19<br>Is\u00e4: GOLDBEAR&#8217;S ERIC CLAPTON | FI MVA<\/p>\n\n\n\n<p>ALPPILILJA DIVINE PRINCE<br>ALPPILILJA DANCING QUEEN<\/p>\n\n\n\n<figure class=\"wp-block-gallery has-nested-images columns-4 is-cropped wp-block-gallery-4 is-layout-flex wp-block-gallery-is-layout-flex\">\n<figure class=\"wp-block-image size-large\"><img loading=\"lazy\" decoding=\"async\" width=\"1024\" height=\"768\" data-id=\"2122\" src=\"http:\/\/kennel-alppililja.com\/wp-content\/uploads\/2024\/02\/D-pentue-1-1024x768.jpg\" alt=\"\" class=\"wp-image-2122\" srcset=\"https:\/\/kennel-alppililja.com\/wp-content\/uploads\/2024\/02\/D-pentue-1-1024x768.jpg 1024w, https:\/\/kennel-alppililja.com\/wp-content\/uploads\/2024\/02\/D-pentue-1-300x225.jpg 300w, https:\/\/kennel-alppililja.com\/wp-content\/uploads\/2024\/02\/D-pentue-1-768x576.jpg 768w, https:\/\/kennel-alppililja.com\/wp-content\/uploads\/2024\/02\/D-pentue-1-1536x1152.jpg 1536w, https:\/\/kennel-alppililja.com\/wp-content\/uploads\/2024\/02\/D-pentue-1-2048x1536.jpg 2048w, https:\/\/kennel-alppililja.com\/wp-content\/uploads\/2024\/02\/D-pentue-1-600x450.jpg 600w\" sizes=\"auto, (max-width: 1024px) 100vw, 1024px\" \/><\/figure>\n\n\n\n<figure class=\"wp-block-image size-large\"><img loading=\"lazy\" decoding=\"async\" width=\"1024\" height=\"768\" data-id=\"2125\" src=\"http:\/\/kennel-alppililja.com\/wp-content\/uploads\/2024\/02\/D-pentue-4-1024x768.jpg\" alt=\"\" class=\"wp-image-2125\" srcset=\"https:\/\/kennel-alppililja.com\/wp-content\/uploads\/2024\/02\/D-pentue-4-1024x768.jpg 1024w, https:\/\/kennel-alppililja.com\/wp-content\/uploads\/2024\/02\/D-pentue-4-300x225.jpg 300w, https:\/\/kennel-alppililja.com\/wp-content\/uploads\/2024\/02\/D-pentue-4-768x576.jpg 768w, https:\/\/kennel-alppililja.com\/wp-content\/uploads\/2024\/02\/D-pentue-4-1536x1152.jpg 1536w, https:\/\/kennel-alppililja.com\/wp-content\/uploads\/2024\/02\/D-pentue-4-2048x1536.jpg 2048w, https:\/\/kennel-alppililja.com\/wp-content\/uploads\/2024\/02\/D-pentue-4-600x450.jpg 600w\" sizes=\"auto, (max-width: 1024px) 100vw, 1024px\" \/><\/figure>\n\n\n\n<figure class=\"wp-block-image size-large\"><img loading=\"lazy\" decoding=\"async\" width=\"1024\" height=\"768\" data-id=\"2127\" src=\"http:\/\/kennel-alppililja.com\/wp-content\/uploads\/2024\/02\/D-pentue-6-1024x768.jpg\" alt=\"\" class=\"wp-image-2127\" srcset=\"https:\/\/kennel-alppililja.com\/wp-content\/uploads\/2024\/02\/D-pentue-6-1024x768.jpg 1024w, https:\/\/kennel-alppililja.com\/wp-content\/uploads\/2024\/02\/D-pentue-6-300x225.jpg 300w, https:\/\/kennel-alppililja.com\/wp-content\/uploads\/2024\/02\/D-pentue-6-768x576.jpg 768w, https:\/\/kennel-alppililja.com\/wp-content\/uploads\/2024\/02\/D-pentue-6-1536x1152.jpg 1536w, https:\/\/kennel-alppililja.com\/wp-content\/uploads\/2024\/02\/D-pentue-6-2048x1536.jpg 2048w, https:\/\/kennel-alppililja.com\/wp-content\/uploads\/2024\/02\/D-pentue-6-600x450.jpg 600w\" sizes=\"auto, (max-width: 1024px) 100vw, 1024px\" \/><\/figure>\n\n\n\n<figure class=\"wp-block-image size-large\"><img loading=\"lazy\" decoding=\"async\" width=\"1024\" height=\"768\" data-id=\"2124\" src=\"http:\/\/kennel-alppililja.com\/wp-content\/uploads\/2024\/02\/D-pentue-3-1024x768.jpg\" alt=\"\" class=\"wp-image-2124\" srcset=\"https:\/\/kennel-alppililja.com\/wp-content\/uploads\/2024\/02\/D-pentue-3-1024x768.jpg 1024w, https:\/\/kennel-alppililja.com\/wp-content\/uploads\/2024\/02\/D-pentue-3-300x225.jpg 300w, https:\/\/kennel-alppililja.com\/wp-content\/uploads\/2024\/02\/D-pentue-3-768x576.jpg 768w, https:\/\/kennel-alppililja.com\/wp-content\/uploads\/2024\/02\/D-pentue-3-1536x1152.jpg 1536w, https:\/\/kennel-alppililja.com\/wp-content\/uploads\/2024\/02\/D-pentue-3-2048x1536.jpg 2048w, https:\/\/kennel-alppililja.com\/wp-content\/uploads\/2024\/02\/D-pentue-3-600x450.jpg 600w\" sizes=\"auto, (max-width: 1024px) 100vw, 1024px\" \/><\/figure>\n<\/figure>\n<\/div><\/div>\n\n\n\n<div class=\"wp-block-group\"><div class=\"wp-block-group__inner-container is-layout-constrained wp-block-group-is-layout-constrained\">\n<h2 class=\"gb-headline gb-headline-7c0944fe gb-headline-text\">G pentue 2023<\/h2>\n\n\n\n<p>Em\u00e4: ALPPILILJA DREAMS COME TRUE | MVA FI MVA LV V-22<br>Is\u00e4: RIDON HENNET \u00c4IKE | C.I.B. FI MVA SE MVA NO MVA EE MVA LV MVA LT MVA SI MVA CZ MVA BALT MVA LT JMVA EE JMVA V-21 V-22 TLNW-23<\/p>\n\n\n\n<p>ALPPILILJA GET THE WIN<br>ALPPILILJA GIANT BLUE LOVE<br>ALPPILILJA GO BIG OR GO HOME<br>ALPPILILJA GREATEST SHOWMAN<br>ALPPILILJA GUESS THE WINNER<br>ALPPILILJA GOLDEN PEARL<\/p>\n\n\n\n<figure class=\"wp-block-gallery has-nested-images columns-4 is-cropped wp-block-gallery-5 is-layout-flex wp-block-gallery-is-layout-flex\">\n<figure class=\"wp-block-image size-large is-style-default\"><img loading=\"lazy\" decoding=\"async\" width=\"970\" height=\"1024\" data-id=\"2153\" src=\"http:\/\/kennel-alppililja.com\/wp-content\/uploads\/2024\/02\/G-pentue--970x1024.jpg\" alt=\"\" class=\"wp-image-2153\" srcset=\"https:\/\/kennel-alppililja.com\/wp-content\/uploads\/2024\/02\/G-pentue--970x1024.jpg 970w, https:\/\/kennel-alppililja.com\/wp-content\/uploads\/2024\/02\/G-pentue--284x300.jpg 284w, https:\/\/kennel-alppililja.com\/wp-content\/uploads\/2024\/02\/G-pentue--768x811.jpg 768w, https:\/\/kennel-alppililja.com\/wp-content\/uploads\/2024\/02\/G-pentue--300x317.jpg 300w, https:\/\/kennel-alppililja.com\/wp-content\/uploads\/2024\/02\/G-pentue--600x633.jpg 600w, https:\/\/kennel-alppililja.com\/wp-content\/uploads\/2024\/02\/G-pentue-.jpg 1080w\" sizes=\"auto, (max-width: 970px) 100vw, 970px\" \/><\/figure>\n\n\n\n<figure class=\"wp-block-image size-large\"><img loading=\"lazy\" decoding=\"async\" width=\"1024\" height=\"768\" data-id=\"2112\" src=\"https:\/\/kennel-alppililja.com\/wp-content\/uploads\/2024\/02\/IMG_5047-1024x768.jpg\" alt=\"\" class=\"wp-image-2112\" srcset=\"https:\/\/kennel-alppililja.com\/wp-content\/uploads\/2024\/02\/IMG_5047-1024x768.jpg 1024w, https:\/\/kennel-alppililja.com\/wp-content\/uploads\/2024\/02\/IMG_5047-300x225.jpg 300w, https:\/\/kennel-alppililja.com\/wp-content\/uploads\/2024\/02\/IMG_5047-768x576.jpg 768w, https:\/\/kennel-alppililja.com\/wp-content\/uploads\/2024\/02\/IMG_5047-1536x1152.jpg 1536w, https:\/\/kennel-alppililja.com\/wp-content\/uploads\/2024\/02\/IMG_5047-2048x1536.jpg 2048w, https:\/\/kennel-alppililja.com\/wp-content\/uploads\/2024\/02\/IMG_5047-600x450.jpg 600w\" sizes=\"auto, (max-width: 1024px) 100vw, 1024px\" \/><\/figure>\n\n\n\n<figure class=\"wp-block-image size-large\"><img loading=\"lazy\" decoding=\"async\" width=\"768\" height=\"1024\" data-id=\"2111\" src=\"https:\/\/kennel-alppililja.com\/wp-content\/uploads\/2024\/02\/IMG_4703-768x1024.jpg\" alt=\"\" class=\"wp-image-2111\" srcset=\"https:\/\/kennel-alppililja.com\/wp-content\/uploads\/2024\/02\/IMG_4703-768x1024.jpg 768w, https:\/\/kennel-alppililja.com\/wp-content\/uploads\/2024\/02\/IMG_4703-225x300.jpg 225w, https:\/\/kennel-alppililja.com\/wp-content\/uploads\/2024\/02\/IMG_4703-1152x1536.jpg 1152w, https:\/\/kennel-alppililja.com\/wp-content\/uploads\/2024\/02\/IMG_4703-1536x2048.jpg 1536w, https:\/\/kennel-alppililja.com\/wp-content\/uploads\/2024\/02\/IMG_4703-300x400.jpg 300w, https:\/\/kennel-alppililja.com\/wp-content\/uploads\/2024\/02\/IMG_4703-600x800.jpg 600w, https:\/\/kennel-alppililja.com\/wp-content\/uploads\/2024\/02\/IMG_4703-scaled.jpg 1920w\" sizes=\"auto, (max-width: 768px) 100vw, 768px\" \/><\/figure>\n\n\n\n<figure class=\"wp-block-image size-large\"><img loading=\"lazy\" decoding=\"async\" width=\"1024\" height=\"768\" data-id=\"2113\" src=\"https:\/\/kennel-alppililja.com\/wp-content\/uploads\/2024\/02\/IMG_7498-1024x768.jpg\" alt=\"\" class=\"wp-image-2113\" srcset=\"https:\/\/kennel-alppililja.com\/wp-content\/uploads\/2024\/02\/IMG_7498-1024x768.jpg 1024w, https:\/\/kennel-alppililja.com\/wp-content\/uploads\/2024\/02\/IMG_7498-300x225.jpg 300w, https:\/\/kennel-alppililja.com\/wp-content\/uploads\/2024\/02\/IMG_7498-768x576.jpg 768w, https:\/\/kennel-alppililja.com\/wp-content\/uploads\/2024\/02\/IMG_7498-1536x1152.jpg 1536w, https:\/\/kennel-alppililja.com\/wp-content\/uploads\/2024\/02\/IMG_7498-2048x1536.jpg 2048w, https:\/\/kennel-alppililja.com\/wp-content\/uploads\/2024\/02\/IMG_7498-600x450.jpg 600w\" sizes=\"auto, (max-width: 1024px) 100vw, 1024px\" \/><\/figure>\n\n\n\n<figure class=\"wp-block-image size-large\"><img loading=\"lazy\" decoding=\"async\" width=\"1024\" height=\"1024\" data-id=\"2110\" src=\"https:\/\/kennel-alppililja.com\/wp-content\/uploads\/2024\/02\/CC7F812F-CA97-431F-8857-3FB45FD9116D-1024x1024.jpg\" alt=\"\" class=\"wp-image-2110\" srcset=\"https:\/\/kennel-alppililja.com\/wp-content\/uploads\/2024\/02\/CC7F812F-CA97-431F-8857-3FB45FD9116D-1024x1024.jpg 1024w, https:\/\/kennel-alppililja.com\/wp-content\/uploads\/2024\/02\/CC7F812F-CA97-431F-8857-3FB45FD9116D-300x300.jpg 300w, https:\/\/kennel-alppililja.com\/wp-content\/uploads\/2024\/02\/CC7F812F-CA97-431F-8857-3FB45FD9116D-150x150.jpg 150w, https:\/\/kennel-alppililja.com\/wp-content\/uploads\/2024\/02\/CC7F812F-CA97-431F-8857-3FB45FD9116D-768x768.jpg 768w, https:\/\/kennel-alppililja.com\/wp-content\/uploads\/2024\/02\/CC7F812F-CA97-431F-8857-3FB45FD9116D-1536x1536.jpg 1536w, https:\/\/kennel-alppililja.com\/wp-content\/uploads\/2024\/02\/CC7F812F-CA97-431F-8857-3FB45FD9116D-2048x2048.jpg 2048w, https:\/\/kennel-alppililja.com\/wp-content\/uploads\/2024\/02\/CC7F812F-CA97-431F-8857-3FB45FD9116D-600x600.jpg 600w, https:\/\/kennel-alppililja.com\/wp-content\/uploads\/2024\/02\/CC7F812F-CA97-431F-8857-3FB45FD9116D-100x100.jpg 100w\" sizes=\"auto, (max-width: 1024px) 100vw, 1024px\" \/><\/figure>\n<\/figure>\n<\/div><\/div>\n","protected":false},"excerpt":{"rendered":"<p>A pentue 2015 Em\u00e4 ZWEIERTEAM RAMONDA | FI MVA EE MVA LVJV-12Is\u00e4 BERNERDALENS JACKPOT | C.I.B. POHJ MVA FI MVA DK MVA SE MVA NO MVA PMV-11 PMJV-11 HeW-13 PMV-13 V-13 SEV-13 EUV-14 SEV-14 HeW-16 V-17 HeW-17 ALPPILILJA ALEXINAALPPILILJA ANCELINA | EE MVA EEJV-16ALPPILILJA APOLLINAALPPILILJA ARADINA B pentue 2017 Em\u00e4: ALPPILILJA ANCELINA | EE MVA &#8230; <a title=\"Pentueet\" class=\"read-more\" href=\"https:\/\/kennel-alppililja.com\/index.php\/pennut\/\" aria-label=\"More on Pentueet\">Read more<\/a><\/p>\n","protected":false},"author":1,"featured_media":0,"parent":0,"menu_order":0,"comment_status":"closed","ping_status":"closed","template":"","meta":{"footnotes":""},"class_list":["post-2087","page","type-page","status-publish"],"_links":{"self":[{"href":"https:\/\/kennel-alppililja.com\/index.php\/wp-json\/wp\/v2\/pages\/2087","targetHints":{"allow":["GET"]}}],"collection":[{"href":"https:\/\/kennel-alppililja.com\/index.php\/wp-json\/wp\/v2\/pages"}],"about":[{"href":"https:\/\/kennel-alppililja.com\/index.php\/wp-json\/wp\/v2\/types\/page"}],"author":[{"embeddable":true,"href":"https:\/\/kennel-alppililja.com\/index.php\/wp-json\/wp\/v2\/users\/1"}],"replies":[{"embeddable":true,"href":"https:\/\/kennel-alppililja.com\/index.php\/wp-json\/wp\/v2\/comments?post=2087"}],"version-history":[{"count":19,"href":"https:\/\/kennel-alppililja.com\/index.php\/wp-json\/wp\/v2\/pages\/2087\/revisions"}],"predecessor-version":[{"id":2159,"href":"https:\/\/kennel-alppililja.com\/index.php\/wp-json\/wp\/v2\/pages\/2087\/revisions\/2159"}],"wp:attachment":[{"href":"https:\/\/kennel-alppililja.com\/index.php\/wp-json\/wp\/v2\/media?parent=2087"}],"curies":[{"name":"wp","href":"https:\/\/api.w.org\/{rel}","templated":true}]}}